{"id":8,"date":"2013-12-25T20:02:19","date_gmt":"2013-12-25T20:02:19","guid":{"rendered":"http:\/\/stoma.silivasan.ro\/?page_id=8"},"modified":"2024-11-04T07:37:48","modified_gmt":"2024-11-04T07:37:48","slug":"despre-cabinet","status":"publish","type":"page","link":"http:\/\/stoma.silivasan.ro\/","title":{"rendered":"Despre cabinet"},"content":{"rendered":"\n<h2 class=\"wp-block-heading\">Dr. Simona Siliv\u0103\u0219an<\/h2>\n\n\n\n<p>Cabinet Stomatologic<\/p>\n\n\n\n<h3 class=\"wp-block-heading\">Adres\u0103<\/h3>\n\n\n\n<p>Str. O\u0219tirii nr. 1 sc. C ap. 43, 550356, Sibiu, Romania<\/p>\n\n\n\n<h3 class=\"wp-block-heading\">Program<\/h3>\n\n\n\n<p>Mar\u021bi \u0219i Joi: 16:00-20:00<br>Miercuri: 11:00-13:00<\/p>\n\n\n\n<h3 class=\"wp-block-heading\">Program\u0103ri<\/h3>\n\n\n\n<p>Program\u0103ri telefonice \u00eentre orele 17-20 la num\u0103rul de telefon:<\/p>\n\n\n\n<p>+40 744794146<\/p>\n\n\n\n<p><iframe src=\"https:\/\/maps.google.com\/maps?q=Str.%20Ostirii%201%2C%20Sibiu&amp;t=m&amp;z=17&amp;output=embed&amp;iwloc=near\" frameborder=\"0\" marginwidth=\"0\" marginheight=\"0\" scrolling=\"no\"><\/iframe><\/p>\n\n\n\n<p><\/p>\n","protected":false},"excerpt":{"rendered":"<p>Dr. Simona Siliv\u0103\u0219an Cabinet Stomatologic Adres\u0103 Str. O\u0219tirii nr. 1 sc. C ap. 43, 550356, Sibiu, Romania Program Mar\u021bi \u0219i Joi: 16:00-20:00Miercuri: 11:00-13:00 Program\u0103ri Program\u0103ri telefonice \u00eentre orele 17-20 la num\u0103rul de telefon: +40 744794146<\/p>\n","protected":false},"author":1,"featured_media":28,"parent":0,"menu_order":0,"comment_status":"closed","ping_status":"closed","template":"","meta":{"footnotes":""},"class_list":["post-8","page","type-page","status-publish","has-post-thumbnail","hentry"],"_links":{"self":[{"href":"http:\/\/stoma.silivasan.ro\/index.php?rest_route=\/wp\/v2\/pages\/8","targetHints":{"allow":["GET"]}}],"collection":[{"href":"http:\/\/stoma.silivasan.ro\/index.php?rest_route=\/wp\/v2\/pages"}],"about":[{"href":"http:\/\/stoma.silivasan.ro\/index.php?rest_route=\/wp\/v2\/types\/page"}],"author":[{"embeddable":true,"href":"http:\/\/stoma.silivasan.ro\/index.php?rest_route=\/wp\/v2\/users\/1"}],"replies":[{"embeddable":true,"href":"http:\/\/stoma.silivasan.ro\/index.php?rest_route=%2Fwp%2Fv2%2Fcomments&post=8"}],"version-history":[{"count":14,"href":"http:\/\/stoma.silivasan.ro\/index.php?rest_route=\/wp\/v2\/pages\/8\/revisions"}],"predecessor-version":[{"id":37,"href":"http:\/\/stoma.silivasan.ro\/index.php?rest_route=\/wp\/v2\/pages\/8\/revisions\/37"}],"wp:featuredmedia":[{"embeddable":true,"href":"http:\/\/stoma.silivasan.ro\/index.php?rest_route=\/wp\/v2\/media\/28"}],"wp:attachment":[{"href":"http:\/\/stoma.silivasan.ro\/index.php?rest_route=%2Fwp%2Fv2%2Fmedia&parent=8"}],"curies":[{"name":"wp","href":"https:\/\/api.w.org\/{rel}","templated":true}]}}